{"id":3144,"date":"2020-10-26T12:19:05","date_gmt":"2020-10-26T12:19:05","guid":{"rendered":"https:\/\/sitechnology.it\/chi-siamo\/"},"modified":"2021-03-11T08:55:32","modified_gmt":"2021-03-11T07:55:32","slug":"ueber-uns","status":"publish","type":"page","link":"https:\/\/sitechnology.it\/de\/ueber-uns\/","title":{"rendered":"\u00dcber Uns"},"content":{"rendered":"<div class=\"bt_bb_wrapper\"><section id=\"bt_bb_section69e46b14115f4\"  class=\"bt_bb_section bt_bb_top_spacing_normal bt_bb_bottom_spacing_normal bt_bb_color_scheme_11 bt_bb_layout_boxed_1200 bt_bb_vertical_align_top bt-dark-skin\" style=\";background-color:#0083c4;\"><div class=\"bt_bb_port\"><div class=\"bt_bb_cell\"><div class=\"bt_bb_cell_inner\"><div class=\"bt_bb_row_wrapper\"><div  class=\"bt_bb_row\" ><\/div><\/div><div class=\"bt_bb_row_wrapper\"><div  class=\"bt_bb_row\" ><div  class=\"bt_bb_column col-xl-12 col-xs-12 col-sm-12 col-md-12 col-lg-12 bt_bb_align_left bt_bb_vertical_align_top bt_bb_padding_normal\"  data-width=\"12\" data-bt-override-class=\"{}\"><div class=\"bt_bb_column_content\"><div class=\"bt_bb_column_content_inner\"><header class=\"bt_bb_headline bt_bb_dash_none bt_bb_size_inherit bt_bb_align_inherit\"><h1><span class=\"bt_bb_headline_content\"><span>\u00dcBER UNS<span class=\"bt_bb_outline_text bt_bb_outline_text_align_inherit bt_bb_outline_text_size_inherit\"><span>\u00dcBER UNS<\/span><\/span><\/span><\/span><\/h1><\/header><\/div><\/div><\/div><\/div><\/div><div class=\"bt_bb_row_wrapper\"><div  class=\"bt_bb_row\" ><div  class=\"bt_bb_column col-xl-12 col-xs-12 col-sm-12 col-md-12 col-lg-12 bt_bb_align_left bt_bb_vertical_align_top bt_bb_padding_normal\"  data-width=\"12\" data-bt-override-class=\"{}\"><div class=\"bt_bb_column_content\"><div class=\"bt_bb_column_content_inner\"><\/div><\/div><\/div><\/div><\/div><\/div><\/div><\/div><\/section><section id=\"bt_bb_section69e46b141188b\"  class=\"bt_bb_section bt_bb_layout_wide bt_bb_vertical_align_top\" ><div class=\"bt_bb_port\"><div class=\"bt_bb_cell\"><div class=\"bt_bb_cell_inner\"><div class=\"bt_bb_row_wrapper bt_bb_row_width_boxed_1200 bt_bb_row_push_right bt_bb_row_push_left\"><div  class=\"bt_bb_row\" ><div  class=\"bt_bb_column col-xl-6 bt_bb_align_left bt_bb_vertical_align_top bt_bb_animation_fade_in zoom_out animate bt_bb_padding_normal\"  data-width=\"6\" data-bt-override-class=\"{}\"><div class=\"bt_bb_column_content\"><div class=\"bt_bb_column_content_inner\"><div class=\"bt_bb_separator bt_bb_bottom_spacing_60 bt_bb_border_style_none\"><\/div><\/div><\/div><\/div><div  class=\"bt_bb_column col-xl-6 bt_bb_align_left bt_bb_vertical_align_top bt_bb_animation_fade_in zoom_out animate bt_bb_padding_normal\"  data-width=\"6\" data-bt-override-class=\"{}\"><div class=\"bt_bb_column_content\"><div class=\"bt_bb_column_content_inner\"><\/div><\/div><\/div><\/div><\/div><div class=\"bt_bb_row_wrapper bt_bb_row_width_boxed_1200 bt_bb_row_push_right\"><div  class=\"bt_bb_row bt_bb_column_gap_30\" ><div  class=\"bt_bb_column col-xl-4 bt_bb_align_left bt_bb_vertical_align_top bt_bb_animation_fade_in animate bt_bb_padding_text_indent bt_bb_column_background_image\" style=\"padding: 0; background-blend-mode: multiply; background-size: 200%; background-position: 100% 0; position: relative;background-color: rgba(241, 241, 241, 1);background-image:url(&#039;https:\/\/sitechnology.it\/wp-content\/uploads\/2020\/11\/bgn-graphic-drawing.jpg&#039;);\" data-width=\"4\" data-bt-override-class=\"{}\"><div class=\"bt_bb_column_content\"><div class=\"bt_bb_column_content_inner\"><div class=\"bt_bb_image bt_bb_shape_square bt_bb_align_right bt_bb_hover_style_simple bt_bb_content_display_always bt_bb_content_align_bottom bt_bb_remove_padding_40 bt_bb_fill_background_color_match_content_height bt_bb_content_exists\"><span><img src = \"https:\/\/sitechnology.it\/wp-content\/plugins\/bold-page-builder\/img\/blank.gif\" data-full_image_src=\"https:\/\/sitechnology.it\/wp-content\/uploads\/2021\/02\/foto-per-home.jpg\" data-image_src=\"https:\/\/sitechnology.it\/wp-content\/uploads\/2021\/02\/foto-per-home-1280x1280.jpg\" title=\"foto-per-home\" alt=\"https:\/\/sitechnology.it\/wp-content\/uploads\/2021\/02\/foto-per-home-1280x1280.jpg\" class=\"btLazyLoadImage\"><\/span><div class=\"bt_bb_image_content\" style=\"--bgcolor: rgba(0, 160, 221, 0.9);background-color: rgba(0, 160, 221, 0.9);\"><div class=\"bt_bb_image_content_flex\"><div class=\"bt_bb_image_content_inner\"><div  class=\"bt_bb_text btDarkQuoteIcon\" style=\"color: #FFF;\"><p>Unsere Mission basiert auf einem st\u00e4ndigen Innovationsbedarf.<\/p>\n<\/div><\/div><\/div><\/div><\/div><div class=\"bt_bb_floating_element bt_bb_floating_element_horizontal_position_left bt_bb_floating_element_vertical_position_top bt_bb_floating_element_animation_delay_default bt_bb_floating_element_animation_duration_default bt_bb_floating_element_animation_style_ease_out\" style=\"margin-left: 19.5em; margin-top: -3.25em; mix-blend-mode: multiply;\" data-speed=\"0\"><div class=\"bt_bb_floating_element_html\" data-speed=\"0\"><span  style=\"width: 6em; height: 6em; box-shadow: 0 0 0 4px #F1F1F1 inset;\"><\/span><\/div><\/div><div class=\"bt_bb_separator bt_bb_bottom_spacing_40 bt_bb_border_style_none\"><\/div><div class=\"bt_bb_service bt_bb_color_scheme_4 bt_bb_style_borderless bt_bb_size_normal bt_bb_shape_square bt_bb_align_inherit bt_bb_size_headline_small\" data-bt-override-class=\"{&quot;bt_bb_size_&quot;:{&quot;current_class&quot;:&quot;bt_bb_size_normal&quot;,&quot;xl&quot;:&quot;normal&quot;},&quot;bt_bb_align_&quot;:{&quot;current_class&quot;:&quot;bt_bb_align_inherit&quot;,&quot;xl&quot;:&quot;inherit&quot;}}\"><span  data-ico-amwerk=\"&#xe99d;\" class=\"bt_bb_icon_holder\"><\/span><div class=\"bt_bb_service_content\"><div class=\"bt_bb_service_content_title\">Kontakte<\/div><div class=\"bt_bb_service_content_text\">+39 0736.888024<\/div><\/div><\/div><div class=\"bt_bb_separator bt_bb_bottom_spacing_20 bt_bb_border_style_none\"><\/div><div class=\"bt_bb_service bt_bb_color_scheme_4 bt_bb_style_borderless bt_bb_size_normal bt_bb_shape_square bt_bb_align_inherit bt_bb_size_headline_small\" data-bt-override-class=\"{&quot;bt_bb_size_&quot;:{&quot;current_class&quot;:&quot;bt_bb_size_normal&quot;,&quot;xl&quot;:&quot;normal&quot;},&quot;bt_bb_align_&quot;:{&quot;current_class&quot;:&quot;bt_bb_align_inherit&quot;,&quot;xl&quot;:&quot;inherit&quot;}}\"><span  data-ico-amwerk=\"&#xe9bf;\" class=\"bt_bb_icon_holder\"><\/span><div class=\"bt_bb_service_content\"><div class=\"bt_bb_service_content_title\">Email <\/div><div class=\"bt_bb_service_content_text\"> info@sitechnology.it<\/div><\/div><\/div><div class=\"bt_bb_separator bt_bb_bottom_spacing_20 bt_bb_border_style_none\"><\/div><div class=\"bt_bb_service bt_bb_color_scheme_4 bt_bb_style_borderless bt_bb_size_normal bt_bb_shape_square bt_bb_align_inherit bt_bb_size_headline_small\" data-bt-override-class=\"{&quot;bt_bb_size_&quot;:{&quot;current_class&quot;:&quot;bt_bb_size_normal&quot;,&quot;xl&quot;:&quot;normal&quot;},&quot;bt_bb_align_&quot;:{&quot;current_class&quot;:&quot;bt_bb_align_inherit&quot;,&quot;xl&quot;:&quot;inherit&quot;}}\"><span  data-ico-amwerk=\"&#xe9bd;\" class=\"bt_bb_icon_holder\"><\/span><div class=\"bt_bb_service_content\"><div class=\"bt_bb_service_content_title\"> Via Roma, 16<\/div><div class=\"bt_bb_service_content_text\">Offida (AP) 63073 <\/div><\/div><\/div><div class=\"bt_bb_separator bt_bb_bottom_spacing_20 bt_bb_border_style_none\"><\/div><\/div><\/div><\/div><div  class=\"bt_bb_column col-xl-4 bt_bb_align_left bt_bb_vertical_align_top bt_bb_animation_fade_in animate bt_bb_padding_normal\"  data-width=\"4\" data-bt-override-class=\"{}\"><div class=\"bt_bb_column_content\"><div class=\"bt_bb_column_content_inner\"><div class=\"bt_bb_separator bt_bb_bottom_spacing_20 bt_bb_border_style_none\"><\/div><div  class=\"bt_bb_text\" ><p>Wir sind ein Unternehmen,das ist seit mehr als zwanzig Jahren in der Schuhmarkt taetig ist, zur Unterst\u00fctzung auf dem Kunden in der Entwicklung von Ideen, Design, Prototyping, Herstellung von Sohlen und Abs\u00e4tzen f\u00fcr Schuhe.<br \/>\nAlle Produkte in POLYURETHAN, GUMMI, TR, TPU, TPU GUMMI, MIKROLICHT, EVA und \u00f6kologische Materialien werden 100 % in Italien hergestellt.<br \/>\nWir folgen jedem Produkt Schritt sorgf\u00e4ltig, suchen \u00a0in jeder Jahreszeit Trends, Farben und Materialien, die einen Mehrwert bei der Kollektionentwicklung fuer unsere Kunden hergibt.<\/p>\n<\/div><div class=\"bt_bb_separator bt_bb_bottom_spacing_20 bt_bb_border_style_none\"><\/div><div class=\"bt_bb_separator bt_bb_bottom_spacing_80 bt_bb_border_style_none bt_bb_hidden_xs bt_bb_hidden_ms bt_bb_hidden_sm\"><\/div><\/div><\/div><\/div><div  class=\"bt_bb_column col-xl-4 bt_bb_align_left bt_bb_vertical_align_top bt_bb_animation_fade_in animate bt_bb_padding_normal\"  data-width=\"4\" data-bt-override-class=\"{}\"><div class=\"bt_bb_column_content\"><div class=\"bt_bb_column_content_inner\"><header class=\"bt_bb_headline bt_bb_font_weight_600 bt_bb_dash_none bt_bb_size_small bt_bb_subheadline bt_bb_align_inherit\"><h4><span class=\"bt_bb_headline_content\"><span>KONTINUIERLICHE INNOVATION<\/span><\/span><\/h4><div class=\"bt_bb_headline_subheadline\">Unsere Mission basiert auf einem st\u00e4ndigen Innovationsbedarf. Durch Forschung entwickeln wir neue Systeme zur Herstellung von Sohlen, bequeme Einlegesohlen und Accessoires, die den Schuhen einen Mehrwert verleihen,<br \/>\r\njedes Mal versuchen wir die Qualit\u00e4t und Originalit\u00e4t zu verbinden.<br \/>\r\n<\/div><\/header><div class=\"bt_bb_separator bt_bb_bottom_spacing_20 bt_bb_border_style_none\"><\/div><header class=\"bt_bb_headline bt_bb_font_weight_600 bt_bb_dash_none bt_bb_size_small bt_bb_subheadline bt_bb_align_inherit\"><h4><span class=\"bt_bb_headline_content\"><span>ETHISCHE VERANTWORTUNG<\/span><\/span><\/h4><div class=\"bt_bb_headline_subheadline\">Respekt f\u00fcr Menschen, Professionalit\u00e4t und Fairness bei jedem Schritt Der Produktion war schon immer unser ethisches Prinzip, das uns bei unseren Entscheidungen leitet. t\u00e4gliche Arbeit und Partnerschaften.<br \/>\r\n<\/div><\/header><div class=\"bt_bb_separator bt_bb_bottom_spacing_20 bt_bb_border_style_none\"><\/div><div class=\"bt_bb_separator bt_bb_bottom_spacing_20 bt_bb_border_style_none\"><\/div><div class=\"bt_bb_separator bt_bb_bottom_spacing_80 bt_bb_border_style_none bt_bb_hidden_xs bt_bb_hidden_ms bt_bb_hidden_sm\"><\/div><\/div><\/div><\/div><\/div><\/div><\/div><\/div><\/div><\/section><section id=\"bt_bb_section69e46b1412486\"  class=\"bt_bb_section bt_bb_top_spacing_100 bt_bb_layout_wide bt_bb_vertical_align_top\" style=\"z-index: 1;;background-color:#f1f1f1;\"><div class=\"bt_bb_port\"><div class=\"bt_bb_cell\"><div class=\"bt_bb_cell_inner\"><div class=\"bt_bb_row_wrapper bt_bb_row_width_boxed_1200 bt_bb_row_push_left bt_bb_content_wide\"><div  class=\"bt_bb_row bt_bb_column_gap_0\" style=\"margin-bottom: -80px;\"><div  class=\"bt_bb_column col-xl-6 bt_bb_align_right bt_bb_vertical_align_top bt_bb_animation_fade_in zoom_out animate bt_bb_padding_normal\"  data-width=\"6\" data-bt-override-class=\"{}\"><div class=\"bt_bb_column_content\"><div class=\"bt_bb_column_content_inner\"><div class=\"bt_bb_slider bt_bb_height_auto bt_bb_overflow_no bt_bb_thick_line_accent bt_bb_active_dot_accent bt_bb_inactive_dot_light_font bt_bb_slider_arrows_dark_font_light_bg bt_bb_arrows_size_normal\" style=\"max-width: 750px; margin-left: auto;\"><div class=\"slick-slider fade\"  data-slick='{ \"lazyLoad\": \"progressive\", \"cssEase\": \"ease-out\", \"speed\": \"300\", \"fade\": true, \"adaptiveHeight\": true, \"prevArrow\": \"&lt;button type=\\\"button\\\" class=\\\"slick-prev\\\"&gt;\", \"nextArrow\": \"&lt;button type=\\\"button\\\" class=\\\"slick-next\\\"&gt;\",\"autoplay\": true, \"autoplaySpeed\": 5000}' ><div class=\"bt_bb_slider_item\" data-src-full=\"https:\/\/sitechnology.it\/wp-content\/uploads\/2021\/02\/foto-per-home2.jpg\"><img src=\"https:\/\/sitechnology.it\/wp-content\/uploads\/2021\/02\/foto-per-home2-1280x1509.jpg\" alt=\"foto-per-home2\"  title=\"foto-per-home2\"><\/div><\/div><\/div><\/div><\/div><\/div><div  class=\"bt_bb_column col-xl-6 bt_bb_align_left bt_bb_vertical_align_middle bt_bb_animation_fade_in zoom_out animate bt_bb_padding_30\" style=\"background-color: rgba(255, 255, 255, 1);\" data-width=\"6\" data-bt-override-class=\"{&quot;bt_bb_align_&quot;:{&quot;current_class&quot;:&quot;bt_bb_align_left&quot;,&quot;xl&quot;:&quot;left&quot;}}\"><div class=\"bt_bb_column_content\"><div class=\"bt_bb_column_content_inner\"><div class=\"bt_bb_separator bt_bb_bottom_spacing_60 bt_bb_border_style_none\"><\/div><header class=\"bt_bb_headline bt_bb_dash_top bt_bb_size_large bt_bb_align_inherit\"><h4><span class=\"bt_bb_headline_content\"><span>UNSERE PHILOSOPHIE<\/span><\/span><\/h4><\/header><div class=\"bt_bb_separator bt_bb_bottom_spacing_20 bt_bb_border_style_none\"><\/div><div  class=\"bt_bb_text\" ><p>Wir sind ein Unternehmen, das an den Wert der Menschen glaubt und dank der Arbeit unseres Teams, haben wir es geschafft zu erreichen j\u00e4hrlich fast eine Million produzierte Paare. in jeder Saison durch Innovation und Forschung im Produktangebot,<br \/>\nWir verbinden Respekt vor Menschen, Professionalit\u00e4t und Nachhaltigkeit.<br \/>\nWir glauben fest an unser Produktionsnetzwerk in der Region Marken und \u00a0versuchen, unser &#8220;made in Italy&#8221;, das f\u00fcr uns steht so gut wie m\u00f6glich zu sch\u00fctzen der wesentliche Schwerpunkt der Arbeit und der Ausgangspunkt f\u00fcr jedes neues Projekt.<\/p>\n<\/div><div class=\"bt_bb_separator bt_bb_bottom_spacing_25 bt_bb_border_style_none\"><\/div><\/div><\/div><\/div><\/div><\/div><\/div><\/div><\/div><\/section><section id=\"bt_bb_section69e46b1412903\"  class=\"bt_bb_section bt_bb_top_spacing_normal bt_bb_bottom_spacing_normal bt_bb_layout_boxed_1200 bt_bb_vertical_align_top\" ><div class=\"bt_bb_port\"><div class=\"bt_bb_cell\"><div class=\"bt_bb_cell_inner\"><div class=\"bt_bb_row_wrapper\"><div  class=\"bt_bb_row\" ><div  class=\"bt_bb_column col-xl-12 col-xs-12 col-sm-12 col-md-12 col-lg-12 bt_bb_align_left bt_bb_vertical_align_top bt_bb_padding_normal\"  data-width=\"12\" data-bt-override-class=\"{}\"><div class=\"bt_bb_column_content\"><div class=\"bt_bb_column_content_inner\"><div class=\"bt_bb_separator bt_bb_top_spacing_40 bt_bb_border_style_none\"><\/div><\/div><\/div><\/div><\/div><\/div><\/div><\/div><\/div><\/section><\/div>","protected":false},"excerpt":{"rendered":"<p>Interactively procrastinate high-payoff content without backward-compatible data. Quickly cultivate optimal processes and tactical architectures. Completely iterate covalent strategic theme areas via accurate e-markets.<\/p>\n","protected":false},"author":2,"featured_media":0,"parent":0,"menu_order":0,"comment_status":"closed","ping_status":"closed","template":"","meta":[],"_links":{"self":[{"href":"https:\/\/sitechnology.it\/de\/wp-json\/wp\/v2\/pages\/3144"}],"collection":[{"href":"https:\/\/sitechnology.it\/de\/wp-json\/wp\/v2\/pages"}],"about":[{"href":"https:\/\/sitechnology.it\/de\/wp-json\/wp\/v2\/types\/page"}],"author":[{"embeddable":true,"href":"https:\/\/sitechnology.it\/de\/wp-json\/wp\/v2\/users\/2"}],"replies":[{"embeddable":true,"href":"https:\/\/sitechnology.it\/de\/wp-json\/wp\/v2\/comments?post=3144"}],"version-history":[{"count":3,"href":"https:\/\/sitechnology.it\/de\/wp-json\/wp\/v2\/pages\/3144\/revisions"}],"predecessor-version":[{"id":3147,"href":"https:\/\/sitechnology.it\/de\/wp-json\/wp\/v2\/pages\/3144\/revisions\/3147"}],"wp:attachment":[{"href":"https:\/\/sitechnology.it\/de\/wp-json\/wp\/v2\/media?parent=3144"}],"curies":[{"name":"wp","href":"https:\/\/api.w.org\/{rel}","templated":true}]}}