{"id":3149,"date":"2020-10-26T12:24:49","date_gmt":"2020-10-26T12:24:49","guid":{"rendered":"https:\/\/sitechnology.it\/i-nostri-servizi\/"},"modified":"2021-03-10T11:35:56","modified_gmt":"2021-03-10T10:35:56","slug":"unsere-leistungen","status":"publish","type":"page","link":"https:\/\/sitechnology.it\/de\/unsere-leistungen\/","title":{"rendered":"Unsere Leistungen"},"content":{"rendered":"<div class=\"bt_bb_wrapper\"><section id=\"bt_bb_section69e481ddec7ec\"  class=\"bt_bb_section bt_bb_top_spacing_normal bt_bb_bottom_spacing_normal bt_bb_color_scheme_11 bt_bb_layout_boxed_1200 bt_bb_vertical_align_top bt-dark-skin\" style=\";background-color:#0083c4;\"><div class=\"bt_bb_port\"><div class=\"bt_bb_cell\"><div class=\"bt_bb_cell_inner\"><div class=\"bt_bb_row_wrapper\"><div  class=\"bt_bb_row\" ><div  class=\"bt_bb_column col-xl-6 bt_bb_align_left bt_bb_vertical_align_top bt_bb_animation_fade_in zoom_out animate bt_bb_padding_normal\"  data-width=\"6\" data-bt-override-class=\"{}\"><div class=\"bt_bb_column_content\"><div class=\"bt_bb_column_content_inner\"><header class=\"bt_bb_headline bt_bb_dash_top bt_bb_size_large bt_bb_align_inherit\"><h1><span class=\"bt_bb_headline_content\"><span>UNSERE LEISTUNGEN<span class=\"bt_bb_outline_text bt_bb_outline_text_align_left bt_bb_outline_text_size_400\"><span>LEISTUNGEN<\/span><\/span><\/span><\/span><\/h1><\/header><\/div><\/div><\/div><div  class=\"bt_bb_column col-xl-6 bt_bb_align_right bt_bb_vertical_align_top bt_bb_animation_fade_in zoom_out animate bt_bb_padding_40\"  data-width=\"6\" data-bt-override-class=\"{}\"><div class=\"bt_bb_column_content\"><div class=\"bt_bb_column_content_inner\"><\/div><\/div><\/div><\/div><\/div><\/div><\/div><\/div><\/section><section id=\"bt_bb_section69e481ddec9dd\"  class=\"bt_bb_section bt_bb_top_spacing_100 bt_bb_layout_wide bt_bb_vertical_align_top\" style=\"z-index: 1;;background-color:#ffffff;\"><div class=\"bt_bb_port\"><div class=\"bt_bb_cell\"><div class=\"bt_bb_cell_inner\"><div class=\"bt_bb_row_wrapper bt_bb_row_width_boxed_1200 bt_bb_row_push_left bt_bb_content_wide\"><div  class=\"bt_bb_row bt_bb_column_gap_30\" style=\" background-color: rgba(255, 255, 255, 1);\"><div  class=\"bt_bb_column col-xl-5 bt_bb_align_left bt_bb_vertical_align_bottom bt_bb_animation_fade_in animate bt_bb_padding_normal\" style=\"position: relative;\" data-width=\"5\" data-bt-override-class=\"{}\"><div class=\"bt_bb_column_content\"><div class=\"bt_bb_column_content_inner\"><div class=\"bt_bb_image bt_bb_shape_square bt_bb_align_inherit bt_bb_hover_style_simple bt_bb_content_display_always bt_bb_content_align_bottom bt_bb_remove_padding_40 bt_bb_fill_background_color_match_content_height bt_bb_content_exists\" style=\"max-width: 650px; float: right;\"><span><img src = \"https:\/\/sitechnology.it\/wp-content\/plugins\/bold-page-builder\/img\/blank.gif\" data-full_image_src=\"https:\/\/sitechnology.it\/wp-content\/uploads\/2021\/02\/foto-per-home-4.jpg\" data-image_src=\"https:\/\/sitechnology.it\/wp-content\/uploads\/2021\/02\/foto-per-home-4-1280x1280.jpg\" title=\"foto-per-home-4\" alt=\"https:\/\/sitechnology.it\/wp-content\/uploads\/2021\/02\/foto-per-home-4-1280x1280.jpg\" class=\"btLazyLoadImage\"><\/span><div class=\"bt_bb_image_content\" style=\"--bgcolor: rgba(0, 160, 221, 0.9);background-color: rgba(0, 160, 221, 0.9);\"><div class=\"bt_bb_image_content_flex\"><div class=\"bt_bb_image_content_inner\"><div  class=\"bt_bb_text\" style=\"color: #FFF;\"><p>Unser Service: Produktion<\/p>\n<\/div><\/div><\/div><\/div><\/div><div class=\"bt_bb_floating_element bt_bb_floating_element_horizontal_position_right bt_bb_floating_element_vertical_position_top bt_bb_floating_element_animation_delay_default bt_bb_floating_element_animation_duration_default bt_bb_floating_element_animation_style_ease_out\" style=\"margin-right: -1em; margin-top: -3em; mix-blend-mode: multiply;\" data-speed=\"0\"><div class=\"bt_bb_floating_element_html\" data-speed=\"0\"><span  style=\"width: 6em; height: 6em; box-shadow: 0 0 0 4px #F1F1F1 inset;\"><\/span><\/div><\/div><div class=\"bt_bb_separator bt_bb_bottom_spacing_60 bt_bb_border_style_none bt_bb_hidden_md bt_bb_hidden_lg\"><\/div><\/div><\/div><\/div><div  class=\"bt_bb_column col-xl-7 bt_bb_align_left bt_bb_vertical_align_middle bt_bb_animation_fade_in animate bt_bb_padding_normal\"  data-width=\"7\" data-bt-override-class=\"{}\"><div class=\"bt_bb_column_content\"><div class=\"bt_bb_column_content_inner\"><div  class=\"bt_bb_row_inner\" ><div  class=\"bt_bb_column_inner col-xl-12 col-xs-12 col-sm-12 col-md-12 col-lg-12 bt_bb_align_left bt_bb_vertical_align_top\"  data-width=\"12\" data-bt-override-class=\"{}\"><div class=\"bt_bb_column_inner_content\"><header class=\"bt_bb_headline bt_bb_dash_none bt_bb_size_inherit bt_bb_align_inherit\"><h2><span class=\"bt_bb_headline_content\"><span>PRODUKTION<\/span><\/span><\/h2><\/header><div class=\"bt_bb_separator bt_bb_bottom_spacing_30 bt_bb_border_style_none\"><\/div><\/div><\/div><\/div><div  class=\"bt_bb_row_inner\" ><div  class=\"bt_bb_column_inner col-xl-6 bt_bb_align_left bt_bb_vertical_align_top\"  data-width=\"6\" data-bt-override-class=\"{}\"><div class=\"bt_bb_column_inner_content\"><header class=\"bt_bb_headline bt_bb_font_weight_600 bt_bb_dash_none bt_bb_size_normal bt_bb_align_inherit\"><h4><span class=\"bt_bb_headline_content\"><span>PRODUKTION UND QUALIT\u00c4TSKONTROLLE<\/span><\/span><\/h4><\/header><div class=\"bt_bb_separator bt_bb_bottom_spacing_20 bt_bb_border_style_none\"><\/div><div  class=\"bt_bb_text\" ><p>In unseren Labors, verteilt in der Provinz Ascoli Piceno, Macerata und Fermo, produzieren wir unsere Artikel in TR, TPU, RUBBER, POLYURETHANE, EVA und Microlight.<br \/>\nAusserdem wir haben auch eine andere Abteilung, in dieser wir machen forgefertigte Sohlen aus Leder, Mikro und Eva, in denen wir auch kleine Produktionsmengen liefern k\u00f6nnen.<br \/>\nIn jedem unserer B\u00fcros haben wir Mitarbeiter fuer die Qualit\u00e4tskontrolle, die jeden Produktionsschritt t\u00e4glich verfolen, ab Den Empfang von Rohstoffen, zur Veredelung und Konservierung von Produkte.<\/p>\n<\/div><div class=\"bt_bb_separator bt_bb_bottom_spacing_20 bt_bb_border_style_none bt_bb_hidden_md bt_bb_hidden_lg\"><\/div><div class=\"bt_bb_separator bt_bb_bottom_spacing_30 bt_bb_border_style_none\"><\/div><\/div><\/div><div  class=\"bt_bb_column_inner col-xl-6 bt_bb_align_left bt_bb_vertical_align_top bt_bb_padding_normal\" style=\"position: relative;\" data-width=\"6\" data-bt-override-class=\"{}\"><div class=\"bt_bb_column_inner_content\"><header class=\"bt_bb_headline bt_bb_font_weight_600 bt_bb_dash_none bt_bb_size_normal bt_bb_align_inherit\"><h4><span class=\"bt_bb_headline_content\"><span>PROTOTYPENTWICKLUNG UND NEUE FORM<br \/>\r\n<\/span><\/span><\/h4><\/header><div class=\"bt_bb_separator bt_bb_bottom_spacing_20 bt_bb_border_style_none\"><\/div><div  class=\"bt_bb_text\" ><p>Von der Maquette gehen wir direkt zur Entwicklung von Modellen f\u00fcr eine Formkonstruktion. Danach fahren Sie dann mit dem Formen und dem Material fort, \u00a0je nach Art des Projekts und Kundenerwartungen ausgewaehlt wurden.<\/p>\n<\/div><div class=\"bt_bb_separator bt_bb_bottom_spacing_30 bt_bb_border_style_none\"><\/div><div class=\"bt_bb_separator bt_bb_bottom_spacing_10 bt_bb_border_style_none\"><\/div><div class=\"bt_bb_separator bt_bb_bottom_spacing_20 bt_bb_border_style_none bt_bb_hidden_md bt_bb_hidden_lg\"><\/div><\/div><\/div><\/div><\/div><\/div><\/div><\/div><\/div><\/div><\/div><\/div><\/section><section id=\"bt_bb_section69e481dded39b\"  class=\"bt_bb_section bt_bb_top_spacing_medium bt_bb_color_scheme_2 bt_bb_layout_wide bt_bb_vertical_align_top\" style=\"z-index: 1;\"><div class=\"bt_bb_port\"><div class=\"bt_bb_cell\"><div class=\"bt_bb_cell_inner\"><div class=\"bt_bb_row_wrapper bt_bb_row_width_boxed_1200 bt_bb_row_push_right bt_bb_content_wide\"><div  class=\"bt_bb_row\" ><div  class=\"bt_bb_column col-xl-6 bt_bb_align_left bt_bb_vertical_align_middle bt_bb_animation_fade_in zoom_out animate bt_bb_padding_normal\"  data-width=\"6\" data-bt-override-class=\"{}\"><div class=\"bt_bb_column_content\"><div class=\"bt_bb_column_content_inner\"><header class=\"bt_bb_headline bt_bb_dash_top bt_bb_size_inherit bt_bb_align_inherit\"><h2><span class=\"bt_bb_headline_content\"><span>DESIGN UND PROTOTYPISIERUNG<br \/>\r\n<\/span><\/span><\/h2><\/header><div class=\"bt_bb_separator bt_bb_bottom_spacing_40 bt_bb_border_style_none\"><\/div><header class=\"bt_bb_headline bt_bb_dash_top bt_bb_size_inherit bt_bb_subheadline bt_bb_align_inherit\"><h4><span class=\"bt_bb_headline_content\"><span>FORSCHUNG UND DESIGN<\/span><\/span><\/h4><div class=\"bt_bb_headline_subheadline\">Durch unser Kreativteam entwickeln wir uns weiter. F\u00fcr jede Jahreszeit, Stimmung, Trends, Farben, Kollektion<br \/>\r\nMaterialien und Bilder neuer Produkte auf deM Markt, aus dem wir neue Vorschl\u00e4ge und Skizzen entwickeln<br \/>\r\nFuer neue Kollektionen.<br \/>\r\nWir haben mehrere Plattformen FUER Trends zur Verf\u00fcgung prognostizierung und beteiligen sich an allen Pr\u00e4sentationen von Trends, die auf dem Staatsgebiet pr\u00e4sent sind.<br \/>\r\nWir machen Forschungsreisen in ganz Mitteleuropa, wo wir durch einen fotografischen Bericht extrapolieren<br \/>\r\nf\u00fcr jeden unserer Kunden die Themen und Trends zu entwickeln fuer die neue Saison.<br \/>\r\n<\/div><\/header><div class=\"bt_bb_separator bt_bb_bottom_spacing_20 bt_bb_border_style_none\"><\/div><header class=\"bt_bb_headline bt_bb_dash_top bt_bb_size_inherit bt_bb_subheadline bt_bb_align_inherit\"><h4><span class=\"bt_bb_headline_content\"><span>MASSGESCHNEIDERTE PROJEKTE<\/span><\/span><\/h4><div class=\"bt_bb_headline_subheadline\">Wir erstellen und entwickeln ma\u00dfgeschneiderte Projekte, die die M\u00f6glichkeit bieten neue Leisten und neue erste Prototypen von Schaeften.<br \/>\r\nBei den Sohlen beggint man mit einem ersten Briefing mit dem Kunden, um dessen Bed\u00fcrfnisse zu verstehen, danach kann man man mit der Erstellung von Skizzen starten und schlie\u00dflich kann man mit dem prototyp der Maquette starten.<br \/>\r\n<\/div><\/header><div class=\"bt_bb_separator bt_bb_bottom_spacing_40 bt_bb_border_style_none\"><\/div><div class=\"bt_bb_separator bt_bb_bottom_spacing_10 bt_bb_border_style_none\"><\/div><div class=\"bt_bb_separator bt_bb_bottom_spacing_10 bt_bb_border_style_none\"><\/div><div class=\"bt_bb_separator bt_bb_bottom_spacing_40 bt_bb_border_style_none\"><\/div><\/div><\/div><\/div><div  class=\"bt_bb_column col-xl-6 bt_bb_align_left bt_bb_vertical_align_top bt_bb_animation_fade_in zoom_out animate bt_bb_padding_normal\"  data-width=\"6\" data-bt-override-class=\"{}\"><div class=\"bt_bb_column_content\"><div class=\"bt_bb_column_content_inner\"><div class=\"bt_bb_image bt_bb_shape_square bt_bb_align_inherit bt_bb_hover_style_simple bt_bb_content_display_always bt_bb_content_align_middle bt_bb_remove_padding_yes bt_bb_fill_background_color_full\" style=\"margin-top: -80px; margin-bottom: -40px;\"><span><img src = \"https:\/\/sitechnology.it\/wp-content\/plugins\/bold-page-builder\/img\/blank.gif\" data-full_image_src=\"https:\/\/sitechnology.it\/wp-content\/uploads\/2021\/02\/foto-per-home2-1.jpg\" data-image_src=\"https:\/\/sitechnology.it\/wp-content\/uploads\/2021\/02\/foto-per-home2-1-1280x1280.jpg\" title=\"foto-per-home2\" alt=\"https:\/\/sitechnology.it\/wp-content\/uploads\/2021\/02\/foto-per-home2-1-1280x1280.jpg\" class=\"btLazyLoadImage\"><\/span><\/div><\/div><\/div><\/div><\/div><\/div><div class=\"bt_bb_row_wrapper\"><div  class=\"bt_bb_row\" ><div  class=\"bt_bb_column col-xl-12 col-xs-12 col-sm-12 col-md-12 col-lg-12 bt_bb_align_left bt_bb_vertical_align_top bt_bb_padding_normal\"  data-width=\"12\" data-bt-override-class=\"{}\"><div class=\"bt_bb_column_content\"><div class=\"bt_bb_column_content_inner\"><\/div><\/div><\/div><\/div><\/div><div class=\"bt_bb_row_wrapper\"><div  class=\"bt_bb_row\" ><div  class=\"bt_bb_column col-xl-12 col-xs-12 col-sm-12 col-md-12 col-lg-12 bt_bb_align_left bt_bb_vertical_align_top bt_bb_padding_normal\"  data-width=\"12\" data-bt-override-class=\"{}\"><div class=\"bt_bb_column_content\"><div class=\"bt_bb_column_content_inner\"><\/div><\/div><\/div><\/div><\/div><\/div><\/div><\/div><\/section><section id=\"bt_bb_section69e481dded943\"  class=\"bt_bb_section bt_bb_top_spacing_40 bt_bb_bottom_spacing_75 bt_bb_layout_boxed_1200 bt_bb_vertical_align_top\" ><div class=\"bt_bb_port\"><div class=\"bt_bb_cell\"><div class=\"bt_bb_cell_inner\"><div class=\"bt_bb_row_wrapper\"><div  class=\"bt_bb_row\" ><div  class=\"bt_bb_column col-xl-6 col-xs-12 col-sm-6 col-md-6 col-lg-6 bt_bb_align_left bt_bb_vertical_align_top bt_bb_animation_fade_in move_up animate bt_bb_padding_normal\"  data-width=\"6\" data-bt-override-class=\"{}\"><div class=\"bt_bb_column_content\"><div class=\"bt_bb_column_content_inner\"><\/div><\/div><\/div><div  class=\"bt_bb_column col-xl-6 col-xs-12 col-sm-6 col-md-6 col-lg-6 bt_bb_align_left bt_bb_vertical_align_top bt_bb_animation_fade_in move_up animate bt_bb_padding_normal\"  data-width=\"6\" data-bt-override-class=\"{}\"><div class=\"bt_bb_column_content\"><div class=\"bt_bb_column_content_inner\"><\/div><\/div><\/div><\/div><\/div><\/div><\/div><\/div><\/section><section id=\"bt_bb_section69e481ddeda7c\"  class=\"bt_bb_section bt_bb_layout_boxed_1200 bt_bb_vertical_align_top\" style=\"margin-bottom: -20px; z-index: 1;\"><div class=\"bt_bb_port\"><div class=\"bt_bb_cell\"><div class=\"bt_bb_cell_inner\"><div class=\"bt_bb_row_wrapper\"><div  class=\"bt_bb_row\" ><div  class=\"bt_bb_column col-xl-12 bt_bb_align_center bt_bb_vertical_align_top bt_bb_animation_fade_in move_up animate bt_bb_padding_normal\"  data-width=\"12\" data-bt-override-class=\"{}\"><div class=\"bt_bb_column_content\"><div class=\"bt_bb_column_content_inner\"><\/div><\/div><\/div><\/div><\/div><\/div><\/div><\/div><\/section><\/div>","protected":false},"excerpt":{"rendered":"<p>Uniquely deploy cross-unit benefits with wireless testing procedures. Collaboratively build backward-compatible relationships whereas tactical paradigms. Compellingly reconceptualize compelling outsourcing whereas optimal service.<\/p>\n","protected":false},"author":2,"featured_media":0,"parent":0,"menu_order":0,"comment_status":"closed","ping_status":"closed","template":"","meta":[],"_links":{"self":[{"href":"https:\/\/sitechnology.it\/de\/wp-json\/wp\/v2\/pages\/3149"}],"collection":[{"href":"https:\/\/sitechnology.it\/de\/wp-json\/wp\/v2\/pages"}],"about":[{"href":"https:\/\/sitechnology.it\/de\/wp-json\/wp\/v2\/types\/page"}],"author":[{"embeddable":true,"href":"https:\/\/sitechnology.it\/de\/wp-json\/wp\/v2\/users\/2"}],"replies":[{"embeddable":true,"href":"https:\/\/sitechnology.it\/de\/wp-json\/wp\/v2\/comments?post=3149"}],"version-history":[{"count":2,"href":"https:\/\/sitechnology.it\/de\/wp-json\/wp\/v2\/pages\/3149\/revisions"}],"predecessor-version":[{"id":3151,"href":"https:\/\/sitechnology.it\/de\/wp-json\/wp\/v2\/pages\/3149\/revisions\/3151"}],"wp:attachment":[{"href":"https:\/\/sitechnology.it\/de\/wp-json\/wp\/v2\/media?parent=3149"}],"curies":[{"name":"wp","href":"https:\/\/api.w.org\/{rel}","templated":true}]}}