{"id":3162,"date":"2020-10-26T12:24:55","date_gmt":"2020-10-26T12:24:55","guid":{"rendered":"https:\/\/sitechnology.it\/i-nostri-materiali\/"},"modified":"2021-03-11T08:56:34","modified_gmt":"2021-03-11T07:56:34","slug":"unsere-materialien","status":"publish","type":"page","link":"https:\/\/sitechnology.it\/de\/unsere-materialien\/","title":{"rendered":"Unsere Materialien"},"content":{"rendered":"<div class=\"bt_bb_wrapper\"><section id=\"bt_bb_section69e46b4da5254\"  class=\"bt_bb_section bt_bb_top_spacing_normal bt_bb_bottom_spacing_normal bt_bb_color_scheme_11 bt_bb_layout_boxed_1200 bt_bb_vertical_align_top bt-dark-skin\" style=\";background-color:#0083c4;\"><div class=\"bt_bb_port\"><div class=\"bt_bb_cell\"><div class=\"bt_bb_cell_inner\"><div class=\"bt_bb_row_wrapper\"><div  class=\"bt_bb_row bt_bb_column_gap_0\" ><div  class=\"bt_bb_column col-xl-6 bt_bb_align_left bt_bb_vertical_align_top bt_bb_animation_fade_in zoom_out animate bt_bb_padding_normal\"  data-width=\"6\" data-bt-override-class=\"{}\"><div class=\"bt_bb_column_content\"><div class=\"bt_bb_column_content_inner\"><header class=\"bt_bb_headline bt_bb_dash_top bt_bb_size_large bt_bb_align_inherit\"><h1><span class=\"bt_bb_headline_content\"><span>Unsere Materialien<span class=\"bt_bb_outline_text bt_bb_outline_text_align_left bt_bb_outline_text_size_400\"><span>Unsere Materialien<\/span><\/span><\/span><\/span><\/h1><\/header><\/div><\/div><\/div><div  class=\"bt_bb_column col-xl-6 bt_bb_align_right bt_bb_vertical_align_top bt_bb_padding_normal\"  data-width=\"6\" data-bt-override-class=\"{}\"><div class=\"bt_bb_column_content\"><div class=\"bt_bb_column_content_inner\"><\/div><\/div><\/div><\/div><\/div><\/div><\/div><\/div><\/section><section id=\"bt_bb_section69e46b4da53f2\"  class=\"bt_bb_section bt_bb_layout_wide bt_bb_vertical_align_top\" ><div class=\"bt_bb_port\"><div class=\"bt_bb_cell\"><div class=\"bt_bb_cell_inner\"><div class=\"bt_bb_row_wrapper bt_bb_row_width_boxed_1200 bt_bb_row_push_right bt_bb_content_wide\"><div  class=\"bt_bb_row bt_bb_column_gap_0\" ><div  class=\"bt_bb_column col-xl-12 col-xs-12 col-sm-12 col-md-12 col-lg-12 bt_bb_align_left bt_bb_vertical_align_middle bt_bb_animation_fade_in zoom_out animate bt_bb_padding_90\" style=\"background-color: rgba(241, 241, 241, 1);\" data-width=\"12\" data-bt-override-class=\"{}\"><div class=\"bt_bb_column_content\"><div class=\"bt_bb_column_content_inner\"><div class=\"bt_bb_separator bt_bb_bottom_spacing_60 bt_bb_border_style_none\"><\/div><\/div><\/div><\/div><\/div><\/div><div class=\"bt_bb_row_wrapper bt_bb_row_width_boxed_1200 bt_bb_row_push_right bt_bb_content_wide\"><div  class=\"bt_bb_row bt_bb_column_gap_0\" ><div  class=\"bt_bb_column col-xl-6 bt_bb_align_left bt_bb_vertical_align_middle bt_bb_animation_fade_in zoom_out animate bt_bb_padding_50\" style=\"background-color: rgba(241, 241, 241, 1);\" data-width=\"6\" data-bt-override-class=\"{&quot;bt_bb_align_&quot;:{&quot;current_class&quot;:&quot;bt_bb_align_left&quot;,&quot;xl&quot;:&quot;left&quot;}}\"><div class=\"bt_bb_column_content\"><div class=\"bt_bb_column_content_inner\"><div class=\"bt_bb_separator bt_bb_bottom_spacing_60 bt_bb_border_style_none\"><\/div><header class=\"bt_bb_headline bt_bb_dash_top bt_bb_size_medium bt_bb_subheadline bt_bb_align_inherit\"><h3><span class=\"bt_bb_headline_content\"><span>TR XXL<\/span><\/span><\/h3><div class=\"bt_bb_headline_subheadline\">Ultraleichtes thermoplastisches Material begehbar (Abrieb 135) was erlaubt eine Gewichtsreduzierung von bis zu 35% gegen\u00fcber dem TR kompakt erlaubt.<br \/>\r\nF\u00fcr kompakte und leichte TR-B\u00f6den haben wir verschiedene freie Formen mit vorhandenen Serien, diese k\u00f6nnen Sie auf unserer sehen.<br \/>\r\n<\/div><\/header><div class=\"bt_bb_separator bt_bb_bottom_spacing_45 bt_bb_border_style_none\"><\/div><\/div><\/div><\/div><div  class=\"bt_bb_column col-xl-6 bt_bb_align_left bt_bb_vertical_align_top bt_bb_animation_fade_in animate bt_bb_padding_normal\"  data-width=\"6\" data-bt-override-class=\"{}\"><div class=\"bt_bb_column_content\"><div class=\"bt_bb_column_content_inner\"><div class=\"bt_bb_image bt_bb_shape_square bt_bb_align_inherit bt_bb_hover_style_simple bt_bb_content_display_always bt_bb_content_align_middle bt_bb_remove_padding_yes bt_bb_fill_background_color_full\"><span><img src = \"https:\/\/sitechnology.it\/wp-content\/plugins\/bold-page-builder\/img\/blank.gif\" data-full_image_src=\"https:\/\/sitechnology.it\/wp-content\/uploads\/2021\/02\/i-nostri-materiali1.jpg\" data-image_src=\"https:\/\/sitechnology.it\/wp-content\/uploads\/2021\/02\/i-nostri-materiali1.jpg\" title=\"i-nostri-materiali1\" alt=\"https:\/\/sitechnology.it\/wp-content\/uploads\/2021\/02\/i-nostri-materiali1.jpg\" class=\"btLazyLoadImage\"><\/span><\/div><\/div><\/div><\/div><\/div><\/div><div class=\"bt_bb_row_wrapper bt_bb_row_width_boxed_1200 bt_bb_row_push_right bt_bb_content_wide\"><div  class=\"bt_bb_row bt_bb_column_gap_0\" ><div  class=\"bt_bb_column col-xl-12 col-xs-12 col-sm-12 col-md-12 col-lg-12 bt_bb_align_left bt_bb_vertical_align_middle bt_bb_animation_fade_in zoom_out animate bt_bb_padding_50\" style=\"background-color: rgba(255, 255, 255, 1);\" data-width=\"12\" data-bt-override-class=\"{&quot;bt_bb_align_&quot;:{&quot;current_class&quot;:&quot;bt_bb_align_left&quot;,&quot;xl&quot;:&quot;left&quot;}}\"><div class=\"bt_bb_column_content\"><div class=\"bt_bb_column_content_inner\"><div class=\"bt_bb_separator bt_bb_bottom_spacing_45 bt_bb_border_style_none\"><\/div><\/div><\/div><\/div><\/div><\/div><div class=\"bt_bb_row_wrapper bt_bb_row_width_boxed_1200 bt_bb_row_push_right bt_bb_content_wide\"><div  class=\"bt_bb_row bt_bb_column_gap_0\" ><div  class=\"bt_bb_column col-xl-6 bt_bb_align_left bt_bb_vertical_align_top bt_bb_animation_fade_in animate bt_bb_padding_normal\"  data-width=\"6\" data-bt-override-class=\"{}\"><div class=\"bt_bb_column_content\"><div class=\"bt_bb_column_content_inner\"><div class=\"bt_bb_image bt_bb_shape_square bt_bb_align_inherit bt_bb_hover_style_simple bt_bb_content_display_always bt_bb_content_align_middle bt_bb_remove_padding_yes bt_bb_fill_background_color_full\"><span><img src = \"https:\/\/sitechnology.it\/wp-content\/plugins\/bold-page-builder\/img\/blank.gif\" data-full_image_src=\"https:\/\/sitechnology.it\/wp-content\/uploads\/2021\/02\/i-nostri-materiali-2-1.jpg\" data-image_src=\"https:\/\/sitechnology.it\/wp-content\/uploads\/2021\/02\/i-nostri-materiali-2-1.jpg\" title=\"i-nostri-materiali-2\" alt=\"https:\/\/sitechnology.it\/wp-content\/uploads\/2021\/02\/i-nostri-materiali-2-1.jpg\" class=\"btLazyLoadImage\"><\/span><\/div><\/div><\/div><\/div><div  class=\"bt_bb_column col-xl-6 bt_bb_align_left bt_bb_vertical_align_middle bt_bb_animation_fade_in zoom_out animate bt_bb_padding_50\" style=\"background-color: rgba(241, 241, 241, 1);\" data-width=\"6\" data-bt-override-class=\"{&quot;bt_bb_align_&quot;:{&quot;current_class&quot;:&quot;bt_bb_align_left&quot;,&quot;xl&quot;:&quot;left&quot;}}\"><div class=\"bt_bb_column_content\"><div class=\"bt_bb_column_content_inner\"><div class=\"bt_bb_separator bt_bb_bottom_spacing_60 bt_bb_border_style_none\"><\/div><header class=\"bt_bb_headline bt_bb_dash_top bt_bb_size_medium bt_bb_subheadline bt_bb_align_inherit\"><h3><span class=\"bt_bb_headline_content\"><span>SITEC LITE PU<\/span><\/span><\/h3><div class=\"bt_bb_headline_subheadline\">Unser Polyurethan mit hervorragenden mechanischen Eigenschaften und einem spezifischem Gewicht unter dem Durchschnitt von Produkten auf dem Markt. Er repr\u00e4sentiert das Material f\u00fcr Exzellenz f\u00fcr Komfortschuhe dank seiner Flexibilit\u00e4t und seinem Gewicht.<br \/>\r\nEs ist m\u00f6glich einfarbige Sohlen zu produzieren, aber auch Dual Density oder TPU-Einlagen direkt anfertigen fuer einen besseren Antirutsch und fuer ein geringeres Gewicht.<br \/>\r\n<\/div><\/header><div class=\"bt_bb_separator bt_bb_bottom_spacing_45 bt_bb_border_style_none\"><\/div><\/div><\/div><\/div><\/div><\/div><div class=\"bt_bb_row_wrapper bt_bb_row_width_boxed_1200 bt_bb_row_push_right bt_bb_content_wide\"><div  class=\"bt_bb_row bt_bb_column_gap_0\" ><div  class=\"bt_bb_column col-xl-12 col-xs-12 col-sm-12 col-md-12 col-lg-12 bt_bb_align_left bt_bb_vertical_align_top bt_bb_animation_fade_in animate bt_bb_padding_normal\" style=\"background-color: rgba(255, 255, 255, 1);\" data-width=\"12\" data-bt-override-class=\"{&quot;bt_bb_align_&quot;:{&quot;current_class&quot;:&quot;bt_bb_align_left&quot;,&quot;xl&quot;:&quot;left&quot;}}\"><div class=\"bt_bb_column_content\"><div class=\"bt_bb_column_content_inner\"><div class=\"bt_bb_separator bt_bb_bottom_spacing_40 bt_bb_border_style_none\"><\/div><\/div><\/div><\/div><\/div><\/div><div class=\"bt_bb_row_wrapper bt_bb_row_width_boxed_1200 bt_bb_row_push_right bt_bb_content_wide\"><div  class=\"bt_bb_row bt_bb_column_gap_0\" ><div  class=\"bt_bb_column col-xl-6 bt_bb_align_left bt_bb_vertical_align_middle bt_bb_animation_fade_in zoom_out animate bt_bb_padding_50\" style=\"background-color: rgba(241, 241, 241, 1);\" data-width=\"6\" data-bt-override-class=\"{&quot;bt_bb_align_&quot;:{&quot;current_class&quot;:&quot;bt_bb_align_left&quot;,&quot;xl&quot;:&quot;left&quot;}}\"><div class=\"bt_bb_column_content\"><div class=\"bt_bb_column_content_inner\"><div class=\"bt_bb_separator bt_bb_bottom_spacing_60 bt_bb_border_style_none\"><\/div><header class=\"bt_bb_headline bt_bb_dash_top bt_bb_size_medium bt_bb_subheadline bt_bb_align_inherit\"><h3><span class=\"bt_bb_headline_content\"><span>MICROLIGHT<\/span><\/span><\/h3><div class=\"bt_bb_headline_subheadline\">Die Verbindung wird direkt von unseren Technikern untersucht und entwickelt: Ein Material mit \u00e4hnlichen Eigenschaften wie TR, jedoch mit einem Gewicht \u00e4hnlich wie Polyurethan.<br \/>\r\nEine breite Farbpalette, ein hervorragender Griff und Flexibilit\u00e4t sind Eigenschaften, die Profile und Kanten erstellen koennen.<br \/>\r\nDas Microlight wird hauptsaechlich f\u00fcr Freizeitschuhe, Hausschuhe und Flip-Flops eingesetz. Ein breiter Griff ist erforderlich.<br \/>\r\n<\/div><\/header><div class=\"bt_bb_separator bt_bb_bottom_spacing_45 bt_bb_border_style_none\"><\/div><\/div><\/div><\/div><div  class=\"bt_bb_column col-xl-6 bt_bb_align_left bt_bb_vertical_align_top bt_bb_animation_fade_in animate bt_bb_padding_normal\"  data-width=\"6\" data-bt-override-class=\"{}\"><div class=\"bt_bb_column_content\"><div class=\"bt_bb_column_content_inner\"><div class=\"bt_bb_image bt_bb_shape_square bt_bb_align_inherit bt_bb_hover_style_simple bt_bb_content_display_always bt_bb_content_align_middle bt_bb_remove_padding_yes bt_bb_fill_background_color_full\"><span><img src = \"https:\/\/sitechnology.it\/wp-content\/plugins\/bold-page-builder\/img\/blank.gif\" data-full_image_src=\"https:\/\/sitechnology.it\/wp-content\/uploads\/2021\/02\/i-nostri-materiali-3-1.jpg\" data-image_src=\"https:\/\/sitechnology.it\/wp-content\/uploads\/2021\/02\/i-nostri-materiali-3-1.jpg\" title=\"i-nostri-materiali-3\" alt=\"https:\/\/sitechnology.it\/wp-content\/uploads\/2021\/02\/i-nostri-materiali-3-1.jpg\" class=\"btLazyLoadImage\"><\/span><\/div><\/div><\/div><\/div><\/div><\/div><div class=\"bt_bb_row_wrapper bt_bb_row_width_boxed_1200 bt_bb_row_push_right bt_bb_content_wide\"><div  class=\"bt_bb_row bt_bb_column_gap_0\" ><div  class=\"bt_bb_column col-xl-12 col-xs-12 col-sm-12 col-md-12 col-lg-12 bt_bb_align_left bt_bb_vertical_align_middle bt_bb_animation_fade_in zoom_out animate bt_bb_padding_50\" style=\"background-color: rgba(255, 255, 255, 1);\" data-width=\"12\" data-bt-override-class=\"{&quot;bt_bb_align_&quot;:{&quot;current_class&quot;:&quot;bt_bb_align_left&quot;,&quot;xl&quot;:&quot;left&quot;}}\"><div class=\"bt_bb_column_content\"><div class=\"bt_bb_column_content_inner\"><div class=\"bt_bb_separator bt_bb_bottom_spacing_45 bt_bb_border_style_none\"><\/div><\/div><\/div><\/div><\/div><\/div><div class=\"bt_bb_row_wrapper bt_bb_row_width_boxed_1200 bt_bb_row_push_right bt_bb_content_wide\"><div  class=\"bt_bb_row bt_bb_column_gap_0\" ><div  class=\"bt_bb_column col-xl-6 bt_bb_align_left bt_bb_vertical_align_top bt_bb_animation_fade_in animate bt_bb_padding_normal\"  data-width=\"6\" data-bt-override-class=\"{}\"><div class=\"bt_bb_column_content\"><div class=\"bt_bb_column_content_inner\"><div class=\"bt_bb_image bt_bb_shape_square bt_bb_align_inherit bt_bb_hover_style_simple bt_bb_content_display_always bt_bb_content_align_middle bt_bb_remove_padding_yes bt_bb_fill_background_color_full\"><span><img src = \"https:\/\/sitechnology.it\/wp-content\/plugins\/bold-page-builder\/img\/blank.gif\" data-full_image_src=\"https:\/\/sitechnology.it\/wp-content\/uploads\/2021\/02\/i-nostri-materiali-4.jpg\" data-image_src=\"https:\/\/sitechnology.it\/wp-content\/uploads\/2021\/02\/i-nostri-materiali-4.jpg\" title=\"i-nostri-materiali-4\" alt=\"https:\/\/sitechnology.it\/wp-content\/uploads\/2021\/02\/i-nostri-materiali-4.jpg\" class=\"btLazyLoadImage\"><\/span><\/div><\/div><\/div><\/div><div  class=\"bt_bb_column col-xl-6 bt_bb_align_left bt_bb_vertical_align_middle bt_bb_animation_fade_in zoom_out animate bt_bb_padding_50\" style=\"background-color: rgba(241, 241, 241, 1);\" data-width=\"6\" data-bt-override-class=\"{&quot;bt_bb_align_&quot;:{&quot;current_class&quot;:&quot;bt_bb_align_left&quot;,&quot;xl&quot;:&quot;left&quot;}}\"><div class=\"bt_bb_column_content\"><div class=\"bt_bb_column_content_inner\"><div class=\"bt_bb_separator bt_bb_bottom_spacing_60 bt_bb_border_style_none\"><\/div><header class=\"bt_bb_headline bt_bb_dash_top bt_bb_size_medium bt_bb_subheadline bt_bb_align_inherit\"><h3><span class=\"bt_bb_headline_content\"><span>ECO.SOFT RUBBER<\/span><\/span><\/h3><div class=\"bt_bb_headline_subheadline\">Naturkautschuk, weich und flexibel mit einem hohen Prozentsatz aus Naturlatex.<br \/>\r\nEs kann mit recyceltem Material aus Kork und Cannabis Stroh, zugesetzt werden bis hin zu Hanf, was dem Schuh den typischen touch des Konzepts Recycling verleiht Jede Verbindung kann gem\u00e4\u00df den Anforderungen des<br \/>\r\nKunden angepasst werden, auch in der Farbmischung und im Prozentsatz des recycelten Materials.<br \/>\r\n<\/div><\/header><div class=\"bt_bb_separator bt_bb_bottom_spacing_45 bt_bb_border_style_none\"><\/div><\/div><\/div><\/div><\/div><\/div><div class=\"bt_bb_row_wrapper bt_bb_row_width_boxed_1200 bt_bb_row_push_right bt_bb_content_wide\"><div  class=\"bt_bb_row bt_bb_column_gap_0\" style=\" background-color: rgba(255, 255, 255, 1);\"><div  class=\"bt_bb_column col-xl-12 col-xs-12 col-sm-12 col-md-12 col-lg-12 bt_bb_align_left bt_bb_vertical_align_middle bt_bb_animation_fade_in zoom_out animate bt_bb_padding_50\" style=\"background-color: rgba(255, 255, 255, 1);\" data-width=\"12\" data-bt-override-class=\"{&quot;bt_bb_align_&quot;:{&quot;current_class&quot;:&quot;bt_bb_align_left&quot;,&quot;xl&quot;:&quot;left&quot;}}\"><div class=\"bt_bb_column_content\"><div class=\"bt_bb_column_content_inner\"><div class=\"bt_bb_separator bt_bb_bottom_spacing_45 bt_bb_border_style_none\"><\/div><\/div><\/div><\/div><\/div><\/div><div class=\"bt_bb_row_wrapper bt_bb_row_width_boxed_1200 bt_bb_row_push_right bt_bb_content_wide\"><div  class=\"bt_bb_row bt_bb_column_gap_0\" ><div  class=\"bt_bb_column col-xl-6 bt_bb_align_left bt_bb_vertical_align_middle bt_bb_animation_fade_in zoom_out animate bt_bb_padding_50\" style=\"background-color: rgba(241, 241, 241, 1);\" data-width=\"6\" data-bt-override-class=\"{&quot;bt_bb_align_&quot;:{&quot;current_class&quot;:&quot;bt_bb_align_left&quot;,&quot;xl&quot;:&quot;left&quot;}}\"><div class=\"bt_bb_column_content\"><div class=\"bt_bb_column_content_inner\"><div class=\"bt_bb_separator bt_bb_bottom_spacing_60 bt_bb_border_style_none\"><\/div><header class=\"bt_bb_headline bt_bb_dash_top bt_bb_size_medium bt_bb_subheadline bt_bb_align_inherit\"><h3><span class=\"bt_bb_headline_content\"><span>EVA-ON<\/span><\/span><\/h3><div class=\"bt_bb_headline_subheadline\">EVA-ON ist das besonderes leichte Material, EVA ON ist vielseitig einsetzbar in seinen Verbindungen und seiner Farbpalette.<br \/>\r\nWir haben verschiedene Sohlen sowohl mit Umrisse f\u00fcr M\u00e4nner und Frauen als auch Platten f\u00fcr vorgefr\u00e4ste Sohlen.<br \/>\r\nEVA-ON eignet sich auch f\u00fcr die Kombination mit TPU- oder Gummieins\u00e4tzen f\u00fcr h\u00f6here Leistung und Mehrfarbenoptik.<br \/>\r\n<\/div><\/header><div class=\"bt_bb_separator bt_bb_bottom_spacing_45 bt_bb_border_style_none\"><\/div><\/div><\/div><\/div><div  class=\"bt_bb_column col-xl-6 bt_bb_align_left bt_bb_vertical_align_top bt_bb_animation_fade_in animate bt_bb_padding_normal\"  data-width=\"6\" data-bt-override-class=\"{}\"><div class=\"bt_bb_column_content\"><div class=\"bt_bb_column_content_inner\"><div class=\"bt_bb_image bt_bb_shape_square bt_bb_align_inherit bt_bb_hover_style_simple bt_bb_content_display_always bt_bb_content_align_middle bt_bb_remove_padding_yes bt_bb_fill_background_color_full\"><span><img src = \"https:\/\/sitechnology.it\/wp-content\/plugins\/bold-page-builder\/img\/blank.gif\" data-full_image_src=\"https:\/\/sitechnology.it\/wp-content\/uploads\/2021\/02\/i-nostri-materiali-5.jpg\" data-image_src=\"https:\/\/sitechnology.it\/wp-content\/uploads\/2021\/02\/i-nostri-materiali-5.jpg\" title=\"i-nostri-materiali-5\" alt=\"https:\/\/sitechnology.it\/wp-content\/uploads\/2021\/02\/i-nostri-materiali-5.jpg\" class=\"btLazyLoadImage\"><\/span><\/div><\/div><\/div><\/div><\/div><\/div><div class=\"bt_bb_row_wrapper\"><div  class=\"bt_bb_row\" ><div  class=\"bt_bb_column col-xl-12 col-xs-12 col-sm-12 col-md-12 col-lg-12 bt_bb_align_left bt_bb_vertical_align_top bt_bb_padding_normal\"  data-width=\"12\" data-bt-override-class=\"{}\"><div class=\"bt_bb_column_content\"><div class=\"bt_bb_column_content_inner\"><\/div><\/div><\/div><\/div><\/div><div class=\"bt_bb_row_wrapper\"><div  class=\"bt_bb_row\" ><div  class=\"bt_bb_column col-xl-12 col-xs-12 col-sm-12 col-md-12 col-lg-12 bt_bb_align_left bt_bb_vertical_align_top bt_bb_padding_normal\"  data-width=\"12\" data-bt-override-class=\"{}\"><div class=\"bt_bb_column_content\"><div class=\"bt_bb_column_content_inner\"><\/div><\/div><\/div><\/div><\/div><\/div><\/div><\/div><\/section><section id=\"bt_bb_section69e46b4da6707\"  class=\"bt_bb_section bt_bb_layout_boxed_1200\" ><div class=\"bt_bb_port\"><div class=\"bt_bb_cell\"><div class=\"bt_bb_cell_inner\"><div class=\"bt_bb_row_wrapper\"><div  class=\"bt_bb_row\" ><div  class=\"bt_bb_column col-xl-12 col-xs-12 col-sm-12 col-md-12 col-lg-12 bt_bb_align_left bt_bb_vertical_align_top bt_bb_padding_normal\"  data-width=\"12\" data-bt-override-class=\"{}\"><div class=\"bt_bb_column_content\"><div class=\"bt_bb_column_content_inner\"><\/div><\/div><\/div><\/div><\/div><\/div><\/div><\/div><\/section><\/div>","protected":false},"excerpt":{"rendered":"<p>Completely synergize resource taxing relationships via premier niche markets. Professionally cultivate one-to-one customer service with robust ideas. Dynamically innovate resource-leveling customer service for state of the art customer service.<\/p>\n","protected":false},"author":2,"featured_media":0,"parent":0,"menu_order":0,"comment_status":"closed","ping_status":"closed","template":"","meta":[],"_links":{"self":[{"href":"https:\/\/sitechnology.it\/de\/wp-json\/wp\/v2\/pages\/3162"}],"collection":[{"href":"https:\/\/sitechnology.it\/de\/wp-json\/wp\/v2\/pages"}],"about":[{"href":"https:\/\/sitechnology.it\/de\/wp-json\/wp\/v2\/types\/page"}],"author":[{"embeddable":true,"href":"https:\/\/sitechnology.it\/de\/wp-json\/wp\/v2\/users\/2"}],"replies":[{"embeddable":true,"href":"https:\/\/sitechnology.it\/de\/wp-json\/wp\/v2\/comments?post=3162"}],"version-history":[{"count":3,"href":"https:\/\/sitechnology.it\/de\/wp-json\/wp\/v2\/pages\/3162\/revisions"}],"predecessor-version":[{"id":3175,"href":"https:\/\/sitechnology.it\/de\/wp-json\/wp\/v2\/pages\/3162\/revisions\/3175"}],"wp:attachment":[{"href":"https:\/\/sitechnology.it\/de\/wp-json\/wp\/v2\/media?parent=3162"}],"curies":[{"name":"wp","href":"https:\/\/api.w.org\/{rel}","templated":true}]}}