{"id":1393,"date":"2021-02-16T09:52:58","date_gmt":"2021-02-16T08:52:58","guid":{"rendered":"https:\/\/sitec.irradium.it\/?page_id=1393"},"modified":"2021-03-02T11:44:20","modified_gmt":"2021-03-02T10:44:20","slug":"le-nostre-eccellenze","status":"publish","type":"page","link":"https:\/\/sitechnology.it\/it\/le-nostre-eccellenze\/","title":{"rendered":"Le nostre eccellenze"},"content":{"rendered":"<div class=\"bt_bb_wrapper\"><section id=\"bt_bb_section69e451c385160\"  class=\"bt_bb_section bt_bb_top_spacing_normal bt_bb_bottom_spacing_normal bt_bb_color_scheme_11 bt_bb_layout_boxed_1200 bt_bb_vertical_align_top bt-dark-skin bt_bb_section_allow_content_outside\" style=\";background-color:#0083c4;\"><div class=\"bt_bb_port\"><div class=\"bt_bb_cell\"><div class=\"bt_bb_cell_inner\"><div class=\"bt_bb_row_wrapper\"><div  class=\"bt_bb_row bt_bb_column_gap_0\" ><div  class=\"bt_bb_column col-xl-12 col-xs-12 col-sm-12 col-md-12 col-lg-12 bt_bb_align_left bt_bb_vertical_align_top bt_bb_animation_fade_in zoom_out animate bt_bb_padding_normal\"  data-width=\"12\" data-bt-override-class=\"{}\"><div class=\"bt_bb_column_content\"><div class=\"bt_bb_column_content_inner\"><header class=\"bt_bb_headline bt_bb_dash_top bt_bb_size_large bt_bb_align_inherit\"><h1><span class=\"bt_bb_headline_content\"><span>Le nostre eccellenze<span class=\"bt_bb_outline_text bt_bb_outline_text_align_left bt_bb_outline_text_size_400\"><span>Le nostre eccellenze<\/span><\/span><\/span><\/span><\/h1><\/header><\/div><\/div><\/div><\/div><\/div><\/div><\/div><\/div><\/section><section id=\"bt_bb_section69e451c385313\"  class=\"bt_bb_section bt_bb_layout_wide bt_bb_vertical_align_top\" ><div class=\"bt_bb_port\"><div class=\"bt_bb_cell\"><div class=\"bt_bb_cell_inner\"><div class=\"bt_bb_row_wrapper bt_bb_row_width_boxed_1200 bt_bb_row_push_right bt_bb_content_wide\"><div  class=\"bt_bb_row bt_bb_column_gap_0\" ><div  class=\"bt_bb_column col-xl-12 col-xs-12 col-sm-12 col-md-12 col-lg-12 bt_bb_align_left bt_bb_vertical_align_top bt_bb_animation_fade_in animate bt_bb_padding_normal\"  data-width=\"12\" data-bt-override-class=\"{}\"><div class=\"bt_bb_column_content\"><div class=\"bt_bb_column_content_inner\"><div class=\"bt_bb_separator bt_bb_bottom_spacing_45 bt_bb_border_style_none\"><\/div><\/div><\/div><\/div><\/div><\/div><div class=\"bt_bb_row_wrapper bt_bb_row_width_boxed_1200 bt_bb_row_push_right bt_bb_content_wide\"><div  class=\"bt_bb_row bt_bb_column_gap_0\" ><div  class=\"bt_bb_column col-xl-6 bt_bb_align_left bt_bb_vertical_align_top bt_bb_animation_fade_in animate bt_bb_padding_normal\"  data-width=\"6\" data-bt-override-class=\"{}\"><div class=\"bt_bb_column_content\"><div class=\"bt_bb_column_content_inner\"><div class=\"bt_bb_image bt_bb_shape_square bt_bb_align_inherit bt_bb_hover_style_simple bt_bb_content_display_always bt_bb_content_align_middle bt_bb_remove_padding_yes bt_bb_fill_background_color_full\"><span><img src = \"https:\/\/sitechnology.it\/wp-content\/plugins\/bold-page-builder\/img\/blank.gif\" data-full_image_src=\"https:\/\/sitechnology.it\/wp-content\/uploads\/2021\/02\/fondi-costruiti.jpg\" data-image_src=\"https:\/\/sitechnology.it\/wp-content\/uploads\/2021\/02\/fondi-costruiti-768x948.jpg\" title=\"fondi-costruiti\" alt=\"https:\/\/sitechnology.it\/wp-content\/uploads\/2021\/02\/fondi-costruiti-768x948.jpg\" class=\"btLazyLoadImage\"><\/span><\/div><\/div><\/div><\/div><div  class=\"bt_bb_column col-xl-6 bt_bb_align_left bt_bb_vertical_align_top bt_bb_animation_fade_in zoom_out animate bt_bb_padding_50\" style=\"background-color: rgba(255, 255, 255, 1);\" data-width=\"6\" data-bt-override-class=\"{&quot;bt_bb_align_&quot;:{&quot;current_class&quot;:&quot;bt_bb_align_left&quot;,&quot;xl&quot;:&quot;left&quot;}}\"><div class=\"bt_bb_column_content\"><div class=\"bt_bb_column_content_inner\"><div class=\"bt_bb_separator bt_bb_bottom_spacing_20 bt_bb_border_style_none\"><\/div><header class=\"bt_bb_headline bt_bb_dash_none bt_bb_size_inherit bt_bb_subheadline bt_bb_align_inherit\"><h3><span class=\"bt_bb_headline_content\"><span>SUOLE DI ECCELLENZA<\/span><\/span><\/h3><div class=\"bt_bb_headline_subheadline\">SUOLE IN PREFRESATO<\/div><\/header><div  class=\"bt_bb_text\" ><p>Un servizio che negli ultimi anni si \u00e8 dimostrato sempre pi\u00f9 vincente \u00e8 quello della realizzazione fondi in prefresato: suole su dime personalizzate utilizzando i pi\u00f9 svariati materiali.<\/p>\n<\/div><div class=\"bt_bb_separator bt_bb_bottom_spacing_60 bt_bb_border_style_none\"><\/div><header class=\"bt_bb_headline bt_bb_dash_none bt_bb_size_inherit bt_bb_subheadline bt_bb_align_inherit\"><h3><span class=\"bt_bb_headline_content\"><span>FONDI COSTRUITI<\/span><\/span><\/h3><div class=\"bt_bb_headline_subheadline\">L\u2019artigianalit\u00e0 ai tuoi piedi<\/div><\/header><div class=\"bt_bb_separator bt_bb_bottom_spacing_30 bt_bb_border_style_none\"><\/div><div  class=\"bt_bb_row_inner\" ><div  class=\"bt_bb_column_inner col-xl-6 col-xs-12 col-sm-6 col-md-6 col-lg-6 bt_bb_align_left bt_bb_vertical_align_top\"  data-width=\"6\" data-bt-override-class=\"{}\"><div class=\"bt_bb_column_inner_content\"><div class=\"bt_bb_image bt_bb_shape_square bt_bb_align_inherit bt_bb_hover_style_simple bt_bb_content_display_always bt_bb_content_align_middle bt_bb_remove_padding_yes bt_bb_fill_background_color_full\"><span><img src = \"https:\/\/sitechnology.it\/wp-content\/plugins\/bold-page-builder\/img\/blank.gif\" data-full_image_src=\"https:\/\/sitechnology.it\/wp-content\/uploads\/2021\/02\/fondi1.jpg\" data-image_src=\"https:\/\/sitechnology.it\/wp-content\/uploads\/2021\/02\/fondi1.jpg\" title=\"fondi1\" alt=\"https:\/\/sitechnology.it\/wp-content\/uploads\/2021\/02\/fondi1.jpg\" class=\"btLazyLoadImage\"><\/span><\/div><\/div><\/div><div  class=\"bt_bb_column_inner col-xl-6 col-xs-12 col-sm-6 col-md-6 col-lg-6 bt_bb_align_left bt_bb_vertical_align_top\"  data-width=\"6\" data-bt-override-class=\"{}\"><div class=\"bt_bb_column_inner_content\"><div class=\"bt_bb_image bt_bb_shape_square bt_bb_align_inherit bt_bb_hover_style_simple bt_bb_content_display_always bt_bb_content_align_middle bt_bb_remove_padding_yes bt_bb_fill_background_color_full\"><span><img src = \"https:\/\/sitechnology.it\/wp-content\/plugins\/bold-page-builder\/img\/blank.gif\" data-full_image_src=\"https:\/\/sitechnology.it\/wp-content\/uploads\/2021\/02\/FONDO2.jpg\" data-image_src=\"https:\/\/sitechnology.it\/wp-content\/uploads\/2021\/02\/FONDO2.jpg\" title=\"FONDO2\" alt=\"https:\/\/sitechnology.it\/wp-content\/uploads\/2021\/02\/FONDO2.jpg\" class=\"btLazyLoadImage\"><\/span><\/div><\/div><\/div><\/div><div class=\"bt_bb_separator bt_bb_border_style_none\"><\/div><div class=\"bt_bb_separator bt_bb_border_style_none\"><\/div><\/div><\/div><\/div><\/div><\/div><div class=\"bt_bb_row_wrapper bt_bb_row_width_boxed_1200 bt_bb_row_push_right bt_bb_content_wide\"><div  class=\"bt_bb_row bt_bb_column_gap_0\" ><div  class=\"bt_bb_column col-xl-6 bt_bb_align_left bt_bb_vertical_align_top bt_bb_animation_fade_in zoom_out animate bt_bb_padding_50\" style=\"background-color: rgba(255, 255, 255, 1);\" data-width=\"6\" data-bt-override-class=\"{&quot;bt_bb_align_&quot;:{&quot;current_class&quot;:&quot;bt_bb_align_left&quot;,&quot;xl&quot;:&quot;left&quot;}}\"><div class=\"bt_bb_column_content\"><div class=\"bt_bb_column_content_inner\"><div class=\"bt_bb_separator bt_bb_bottom_spacing_60 bt_bb_border_style_none\"><\/div><header class=\"bt_bb_headline bt_bb_dash_none bt_bb_size_inherit bt_bb_align_inherit\"><h3><span class=\"bt_bb_headline_content\"><span>LA PRODUZIONE<\/span><\/span><\/h3><\/header><div class=\"bt_bb_separator bt_bb_bottom_spacing_60 bt_bb_border_style_none bt_bb_hidden_xs bt_bb_hidden_ms bt_bb_hidden_sm\"><\/div><div  class=\"bt_bb_text\" ><p>Dal cuoio, fino alla microporosa, passando per l\u2019eva, la gomma ed il tpu.<br \/>\nEnormi le possibilit\u00e0 di realizzazioni, utilizzando i pi\u00f9 svariati guardoli e fresature, come vantaggiosa \u00e8 la possibilit\u00e0 di realizzare piccole quantit\u00e0 di produzione senza costi per lo sviluppo delle serie.<\/p>\n<\/div><div class=\"bt_bb_separator bt_bb_bottom_spacing_30 bt_bb_border_style_none\"><\/div><div class=\"bt_bb_image bt_bb_shape_square bt_bb_align_inherit bt_bb_hover_style_simple bt_bb_content_display_always bt_bb_content_align_middle bt_bb_remove_padding_yes bt_bb_fill_background_color_full\"><span><img src = \"https:\/\/sitechnology.it\/wp-content\/plugins\/bold-page-builder\/img\/blank.gif\" data-full_image_src=\"https:\/\/sitechnology.it\/wp-content\/uploads\/2021\/02\/materiali-1.jpg\" data-image_src=\"https:\/\/sitechnology.it\/wp-content\/uploads\/2021\/02\/materiali-1.jpg\" title=\"materiali\" alt=\"https:\/\/sitechnology.it\/wp-content\/uploads\/2021\/02\/materiali-1.jpg\" class=\"btLazyLoadImage\"><\/span><\/div><div class=\"bt_bb_separator bt_bb_bottom_spacing_60 bt_bb_border_style_none bt_bb_hidden_xs bt_bb_hidden_ms bt_bb_hidden_sm\"><\/div><div class=\"bt_bb_image bt_bb_shape_square bt_bb_align_inherit bt_bb_hover_style_simple bt_bb_content_display_always bt_bb_content_align_middle bt_bb_remove_padding_yes bt_bb_fill_background_color_full\"><span><img src = \"https:\/\/sitechnology.it\/wp-content\/plugins\/bold-page-builder\/img\/blank.gif\" data-full_image_src=\"https:\/\/sitechnology.it\/wp-content\/uploads\/2021\/02\/prod2.jpg\" data-image_src=\"https:\/\/sitechnology.it\/wp-content\/uploads\/2021\/02\/prod2.jpg\" title=\"prod2\" alt=\"https:\/\/sitechnology.it\/wp-content\/uploads\/2021\/02\/prod2.jpg\" class=\"btLazyLoadImage\"><\/span><\/div><\/div><\/div><\/div><div  class=\"bt_bb_column col-xl-6 bt_bb_align_left bt_bb_vertical_align_top bt_bb_animation_fade_in animate bt_bb_padding_50\"  data-width=\"6\" data-bt-override-class=\"{&quot;bt_bb_align_&quot;:{&quot;current_class&quot;:&quot;bt_bb_align_left&quot;,&quot;xl&quot;:&quot;left&quot;}}\"><div class=\"bt_bb_column_content\"><div class=\"bt_bb_column_content_inner\"><div class=\"bt_bb_image bt_bb_shape_square bt_bb_align_inherit bt_bb_hover_style_simple bt_bb_content_display_always bt_bb_content_align_middle bt_bb_remove_padding_yes bt_bb_fill_background_color_full\"><span><img src = \"https:\/\/sitechnology.it\/wp-content\/plugins\/bold-page-builder\/img\/blank.gif\" data-full_image_src=\"https:\/\/sitechnology.it\/wp-content\/uploads\/2021\/02\/PROD1.jpg\" data-image_src=\"https:\/\/sitechnology.it\/wp-content\/uploads\/2021\/02\/PROD1-768x1190.jpg\" title=\"PROD1\" alt=\"https:\/\/sitechnology.it\/wp-content\/uploads\/2021\/02\/PROD1-768x1190.jpg\" class=\"btLazyLoadImage\"><\/span><\/div><\/div><\/div><\/div><\/div><\/div><div class=\"bt_bb_row_wrapper bt_bb_row_width_boxed_1200 bt_bb_row_push_right bt_bb_content_wide\"><div  class=\"bt_bb_row bt_bb_column_gap_0\" ><div  class=\"bt_bb_column col-xl-6 bt_bb_align_left bt_bb_vertical_align_top bt_bb_animation_fade_in animate bt_bb_padding_normal\"  data-width=\"6\" data-bt-override-class=\"{}\"><div class=\"bt_bb_column_content\"><div class=\"bt_bb_column_content_inner\"><div class=\"bt_bb_image bt_bb_shape_square bt_bb_align_inherit bt_bb_hover_style_simple bt_bb_content_display_always bt_bb_content_align_middle bt_bb_remove_padding_yes bt_bb_fill_background_color_full\"><span><img src = \"https:\/\/sitechnology.it\/wp-content\/plugins\/bold-page-builder\/img\/blank.gif\" data-full_image_src=\"https:\/\/sitechnology.it\/wp-content\/uploads\/2021\/02\/TACCHI.jpg\" data-image_src=\"https:\/\/sitechnology.it\/wp-content\/uploads\/2021\/02\/TACCHI-768x1103.jpg\" title=\"TACCHI\" alt=\"https:\/\/sitechnology.it\/wp-content\/uploads\/2021\/02\/TACCHI-768x1103.jpg\" class=\"btLazyLoadImage\"><\/span><\/div><\/div><\/div><\/div><div  class=\"bt_bb_column col-xl-6 bt_bb_align_left bt_bb_vertical_align_top bt_bb_animation_fade_in zoom_out animate bt_bb_padding_50\" style=\"background-color: rgba(255, 255, 255, 1);\" data-width=\"6\" data-bt-override-class=\"{&quot;bt_bb_align_&quot;:{&quot;current_class&quot;:&quot;bt_bb_align_left&quot;,&quot;xl&quot;:&quot;left&quot;}}\"><div class=\"bt_bb_column_content\"><div class=\"bt_bb_column_content_inner\"><div class=\"bt_bb_separator bt_bb_bottom_spacing_60 bt_bb_border_style_none\"><\/div><header class=\"bt_bb_headline bt_bb_dash_none bt_bb_size_inherit bt_bb_align_inherit\"><h3><span class=\"bt_bb_headline_content\"><span>NUOVI DETTAGLI<\/span><\/span><\/h3><\/header><div class=\"bt_bb_separator bt_bb_bottom_spacing_60 bt_bb_border_style_none bt_bb_hidden_xs bt_bb_hidden_ms bt_bb_hidden_sm\"><\/div><div  class=\"bt_bb_text\" ><h4>TACCHI, TAMPOGRAFIE E PERSONALIZZAZIONI<\/h4>\n<\/div><div class=\"bt_bb_separator bt_bb_border_style_none\"><\/div><div  class=\"bt_bb_text\" ><p>Lavorando molto con il centro Europa, da pi\u00f9 di un decennio realizziamo tacchi e plateau con finiture e<br \/>\ntampografie sostituendo il cuoio, dando la possibilit\u00e0 di raggiungere comunque varie ottiche, dal cuoio, alla micro sino alle fantasie pi\u00f9 svariate, consentendo di rinnovare ogni stagione il look della scarpa senza la necessit\u00e0 di nuovi investimenti.<\/p>\n<\/div><div class=\"bt_bb_separator bt_bb_bottom_spacing_30 bt_bb_border_style_none\"><\/div><div class=\"bt_bb_image bt_bb_shape_square bt_bb_align_inherit bt_bb_hover_style_simple bt_bb_content_display_always bt_bb_content_align_middle bt_bb_remove_padding_yes bt_bb_fill_background_color_full\"><span><img src = \"https:\/\/sitechnology.it\/wp-content\/plugins\/bold-page-builder\/img\/blank.gif\" data-full_image_src=\"https:\/\/sitechnology.it\/wp-content\/uploads\/2021\/02\/392_98_tam-1.jpg\" data-image_src=\"https:\/\/sitechnology.it\/wp-content\/uploads\/2021\/02\/392_98_tam-1-640x427.jpg\" title=\"392_98_tam\" alt=\"https:\/\/sitechnology.it\/wp-content\/uploads\/2021\/02\/392_98_tam-1-640x427.jpg\" class=\"btLazyLoadImage\"><\/span><\/div><\/div><\/div><\/div><\/div><\/div><div class=\"bt_bb_row_wrapper bt_bb_row_width_boxed_1200 bt_bb_row_push_right bt_bb_content_wide\"><div  class=\"bt_bb_row bt_bb_column_gap_0\" ><div  class=\"bt_bb_column col-xl-6 bt_bb_align_left bt_bb_vertical_align_top bt_bb_animation_fade_in animate bt_bb_padding_normal\"  data-width=\"6\" data-bt-override-class=\"{}\"><div class=\"bt_bb_column_content\"><div class=\"bt_bb_column_content_inner\"><div class=\"bt_bb_image bt_bb_shape_square bt_bb_align_inherit bt_bb_hover_style_simple bt_bb_content_display_always bt_bb_content_align_middle bt_bb_remove_padding_yes bt_bb_fill_background_color_full\"><span><img src = \"https:\/\/sitechnology.it\/wp-content\/plugins\/bold-page-builder\/img\/blank.gif\" data-full_image_src=\"https:\/\/sitechnology.it\/wp-content\/uploads\/2021\/02\/personalizzazioni.jpg\" data-image_src=\"https:\/\/sitechnology.it\/wp-content\/uploads\/2021\/02\/personalizzazioni-768x1103.jpg\" title=\"personalizzazioni\" alt=\"https:\/\/sitechnology.it\/wp-content\/uploads\/2021\/02\/personalizzazioni-768x1103.jpg\" class=\"btLazyLoadImage\"><\/span><\/div><\/div><\/div><\/div><div  class=\"bt_bb_column col-xl-6 bt_bb_align_left bt_bb_vertical_align_middle bt_bb_animation_fade_in zoom_out animate bt_bb_padding_50\" style=\"background-color: rgba(255, 255, 255, 1);\" data-width=\"6\" data-bt-override-class=\"{&quot;bt_bb_align_&quot;:{&quot;current_class&quot;:&quot;bt_bb_align_left&quot;,&quot;xl&quot;:&quot;left&quot;}}\"><div class=\"bt_bb_column_content\"><div class=\"bt_bb_column_content_inner\"><div class=\"bt_bb_separator bt_bb_bottom_spacing_60 bt_bb_border_style_none\"><\/div><header class=\"bt_bb_headline bt_bb_dash_none bt_bb_size_inherit bt_bb_align_inherit\"><h3><span class=\"bt_bb_headline_content\"><span>PERSONALIZZAZIONI AD HOC<\/span><\/span><\/h3><\/header><div class=\"bt_bb_separator bt_bb_bottom_spacing_60 bt_bb_border_style_none bt_bb_hidden_xs bt_bb_hidden_ms bt_bb_hidden_sm\"><\/div><div  class=\"bt_bb_text\" ><p>Realizziamo personalizzazioni attraverso laserature, tampografie e stampa digitale.<\/p>\n<\/div><div class=\"bt_bb_separator bt_bb_border_style_none\"><\/div><div class=\"bt_bb_image bt_bb_shape_square bt_bb_align_inherit bt_bb_hover_style_simple bt_bb_content_display_always bt_bb_content_align_middle bt_bb_remove_padding_yes bt_bb_fill_background_color_full\"><span><img src = \"https:\/\/sitechnology.it\/wp-content\/plugins\/bold-page-builder\/img\/blank.gif\" data-full_image_src=\"https:\/\/sitechnology.it\/wp-content\/uploads\/2021\/02\/personalizzazioni1.jpg\" data-image_src=\"https:\/\/sitechnology.it\/wp-content\/uploads\/2021\/02\/personalizzazioni1-640x447.jpg\" title=\"personalizzazioni1\" alt=\"https:\/\/sitechnology.it\/wp-content\/uploads\/2021\/02\/personalizzazioni1-640x447.jpg\" class=\"btLazyLoadImage\"><\/span><\/div><div class=\"bt_bb_separator bt_bb_border_style_none\"><\/div><\/div><\/div><\/div><\/div><\/div><div class=\"bt_bb_row_wrapper bt_bb_row_width_boxed_1200 bt_bb_row_push_right bt_bb_content_wide\"><div  class=\"bt_bb_row bt_bb_column_gap_0\" ><div  class=\"bt_bb_column col-xl-6 bt_bb_align_left bt_bb_vertical_align_middle bt_bb_animation_fade_in zoom_out animate bt_bb_padding_50\" style=\"background-color: rgba(255, 255, 255, 1);\" data-width=\"6\" data-bt-override-class=\"{&quot;bt_bb_align_&quot;:{&quot;current_class&quot;:&quot;bt_bb_align_left&quot;,&quot;xl&quot;:&quot;left&quot;}}\"><div class=\"bt_bb_column_content\"><div class=\"bt_bb_column_content_inner\"><div class=\"bt_bb_separator bt_bb_bottom_spacing_60 bt_bb_border_style_none\"><\/div><header class=\"bt_bb_headline bt_bb_dash_none bt_bb_size_inherit bt_bb_align_inherit\"><h3><span class=\"bt_bb_headline_content\"><span>SANDALI E CIABATTE PERSONALIZZABILI<\/span><\/span><\/h3><\/header><div class=\"bt_bb_separator bt_bb_bottom_spacing_60 bt_bb_border_style_none bt_bb_hidden_xs bt_bb_hidden_ms bt_bb_hidden_sm\"><\/div><div  class=\"bt_bb_text\" ><p>Realizziamo sandali personalizzabili in tempi brevi sia ad infradito che a fascia, offrendo anche consulenza per design e stile.<br \/>\nI materiali che possiamo utilizzare sono Poliuretano, Eva e Microlight.<br \/>\nLe tecniche che utilizziamo per le personalizzazioni sono la serigrafia, la tampografia e la stampa digitale.<\/p>\n<\/div><div class=\"bt_bb_separator bt_bb_border_style_none\"><\/div><div class=\"bt_bb_image bt_bb_shape_square bt_bb_align_inherit bt_bb_hover_style_simple bt_bb_content_display_always bt_bb_content_align_middle bt_bb_remove_padding_yes bt_bb_fill_background_color_full\"><span><img src = \"https:\/\/sitechnology.it\/wp-content\/plugins\/bold-page-builder\/img\/blank.gif\" data-full_image_src=\"https:\/\/sitechnology.it\/wp-content\/uploads\/2021\/02\/sandali1.jpg\" data-image_src=\"https:\/\/sitechnology.it\/wp-content\/uploads\/2021\/02\/sandali1-640x271.jpg\" title=\"sandali1\" alt=\"https:\/\/sitechnology.it\/wp-content\/uploads\/2021\/02\/sandali1-640x271.jpg\" class=\"btLazyLoadImage\"><\/span><\/div><div class=\"bt_bb_separator bt_bb_border_style_none\"><\/div><\/div><\/div><\/div><div  class=\"bt_bb_column col-xl-6 bt_bb_align_left bt_bb_vertical_align_top bt_bb_animation_fade_in animate bt_bb_padding_50\"  data-width=\"6\" data-bt-override-class=\"{&quot;bt_bb_align_&quot;:{&quot;current_class&quot;:&quot;bt_bb_align_left&quot;,&quot;xl&quot;:&quot;left&quot;}}\"><div class=\"bt_bb_column_content\"><div class=\"bt_bb_column_content_inner\"><div class=\"bt_bb_image bt_bb_shape_square bt_bb_align_inherit bt_bb_hover_style_simple bt_bb_content_display_always bt_bb_content_align_middle bt_bb_remove_padding_yes bt_bb_fill_background_color_full\"><span><img src = \"https:\/\/sitechnology.it\/wp-content\/plugins\/bold-page-builder\/img\/blank.gif\" data-full_image_src=\"https:\/\/sitechnology.it\/wp-content\/uploads\/2021\/02\/sandali2.jpg\" data-image_src=\"https:\/\/sitechnology.it\/wp-content\/uploads\/2021\/02\/sandali2-768x338.jpg\" title=\"sandali2\" alt=\"https:\/\/sitechnology.it\/wp-content\/uploads\/2021\/02\/sandali2-768x338.jpg\" class=\"btLazyLoadImage\"><\/span><\/div><div class=\"bt_bb_separator bt_bb_bottom_spacing_40 bt_bb_border_style_none\"><\/div><div class=\"bt_bb_image bt_bb_shape_square bt_bb_align_inherit bt_bb_hover_style_simple bt_bb_content_display_always bt_bb_content_align_middle bt_bb_remove_padding_yes bt_bb_fill_background_color_full\"><span><img src = \"https:\/\/sitechnology.it\/wp-content\/plugins\/bold-page-builder\/img\/blank.gif\" data-full_image_src=\"https:\/\/sitechnology.it\/wp-content\/uploads\/2021\/02\/SANDALI3.jpg\" data-image_src=\"https:\/\/sitechnology.it\/wp-content\/uploads\/2021\/02\/SANDALI3-768x537.jpg\" title=\"SANDALI3\" alt=\"https:\/\/sitechnology.it\/wp-content\/uploads\/2021\/02\/SANDALI3-768x537.jpg\" class=\"btLazyLoadImage\"><\/span><\/div><\/div><\/div><\/div><\/div><\/div><div class=\"bt_bb_row_wrapper bt_bb_row_width_boxed_1200 bt_bb_row_push_right bt_bb_content_wide\"><div  class=\"bt_bb_row bt_bb_column_gap_0\" ><div  class=\"bt_bb_column col-xl-6 bt_bb_align_left bt_bb_vertical_align_top bt_bb_animation_fade_in animate bt_bb_padding_normal\"  data-width=\"6\" data-bt-override-class=\"{}\"><div class=\"bt_bb_column_content\"><div class=\"bt_bb_column_content_inner\"><div class=\"bt_bb_image bt_bb_shape_square bt_bb_align_inherit bt_bb_hover_style_simple bt_bb_content_display_always bt_bb_content_align_middle bt_bb_remove_padding_yes bt_bb_fill_background_color_full\"><span><img src = \"https:\/\/sitechnology.it\/wp-content\/plugins\/bold-page-builder\/img\/blank.gif\" data-full_image_src=\"https:\/\/sitechnology.it\/wp-content\/uploads\/2021\/02\/386_sandalo1-1.jpg\" data-image_src=\"https:\/\/sitechnology.it\/wp-content\/uploads\/2021\/02\/386_sandalo1-1-768x512.jpg\" title=\"386_sandalo1\" alt=\"https:\/\/sitechnology.it\/wp-content\/uploads\/2021\/02\/386_sandalo1-1-768x512.jpg\" class=\"btLazyLoadImage\"><\/span><\/div><div class=\"bt_bb_separator bt_bb_bottom_spacing_40 bt_bb_border_style_none\"><\/div><div class=\"bt_bb_image bt_bb_shape_square bt_bb_align_inherit bt_bb_hover_style_simple bt_bb_content_display_always bt_bb_content_align_middle bt_bb_remove_padding_yes bt_bb_fill_background_color_full\"><span><img src = \"https:\/\/sitechnology.it\/wp-content\/plugins\/bold-page-builder\/img\/blank.gif\" data-full_image_src=\"https:\/\/sitechnology.it\/wp-content\/uploads\/2021\/02\/388_SANDALO-3-1.jpg\" data-image_src=\"https:\/\/sitechnology.it\/wp-content\/uploads\/2021\/02\/388_SANDALO-3-1-768x512.jpg\" title=\"388_SANDALO-3\" alt=\"https:\/\/sitechnology.it\/wp-content\/uploads\/2021\/02\/388_SANDALO-3-1-768x512.jpg\" class=\"btLazyLoadImage\"><\/span><\/div><\/div><\/div><\/div><div  class=\"bt_bb_column col-xl-6 bt_bb_align_left bt_bb_vertical_align_middle bt_bb_animation_fade_in zoom_out animate bt_bb_padding_50\" style=\"background-color: rgba(255, 255, 255, 1);\" data-width=\"6\" data-bt-override-class=\"{&quot;bt_bb_align_&quot;:{&quot;current_class&quot;:&quot;bt_bb_align_left&quot;,&quot;xl&quot;:&quot;left&quot;}}\"><div class=\"bt_bb_column_content\"><div class=\"bt_bb_column_content_inner\"><div class=\"bt_bb_separator bt_bb_bottom_spacing_60 bt_bb_border_style_none\"><\/div><header class=\"bt_bb_headline bt_bb_dash_none bt_bb_size_inherit bt_bb_align_inherit\"><h3><span class=\"bt_bb_headline_content\"><span>SANDALI E CIABATTE PERSONALIZZABILI<\/span><\/span><\/h3><\/header><div class=\"bt_bb_separator bt_bb_bottom_spacing_60 bt_bb_border_style_none bt_bb_hidden_xs bt_bb_hidden_ms bt_bb_hidden_sm\"><\/div><div  class=\"bt_bb_text\" ><p>Ampia gamma di personalizzazioni specifiche sia in PVC compatto che in microlight.<br \/>\n\u00c8 possibile inoltre arricchire il prodotto finito con applicazioni borchie e strass o elaborare e realizzare piccole minuterie di loghi e simboli.<\/p>\n<\/div><div class=\"bt_bb_separator bt_bb_border_style_none\"><\/div><div class=\"bt_bb_image bt_bb_shape_square bt_bb_align_inherit bt_bb_hover_style_simple bt_bb_content_display_always bt_bb_content_align_middle bt_bb_remove_padding_yes bt_bb_fill_background_color_full\"><span><img src = \"https:\/\/sitechnology.it\/wp-content\/plugins\/bold-page-builder\/img\/blank.gif\" data-full_image_src=\"https:\/\/sitechnology.it\/wp-content\/uploads\/2021\/02\/infraditp.jpg\" data-image_src=\"https:\/\/sitechnology.it\/wp-content\/uploads\/2021\/02\/infraditp-640x452.jpg\" title=\"infraditp\" alt=\"https:\/\/sitechnology.it\/wp-content\/uploads\/2021\/02\/infraditp-640x452.jpg\" class=\"btLazyLoadImage\"><\/span><\/div><div class=\"bt_bb_separator bt_bb_border_style_none\"><\/div><\/div><\/div><\/div><\/div><\/div><\/div><\/div><\/div><\/section><\/div>","protected":false},"excerpt":{"rendered":"","protected":false},"author":1,"featured_media":0,"parent":0,"menu_order":0,"comment_status":"closed","ping_status":"closed","template":"","meta":[],"_links":{"self":[{"href":"https:\/\/sitechnology.it\/it\/wp-json\/wp\/v2\/pages\/1393"}],"collection":[{"href":"https:\/\/sitechnology.it\/it\/wp-json\/wp\/v2\/pages"}],"about":[{"href":"https:\/\/sitechnology.it\/it\/wp-json\/wp\/v2\/types\/page"}],"author":[{"embeddable":true,"href":"https:\/\/sitechnology.it\/it\/wp-json\/wp\/v2\/users\/1"}],"replies":[{"embeddable":true,"href":"https:\/\/sitechnology.it\/it\/wp-json\/wp\/v2\/comments?post=1393"}],"version-history":[{"count":84,"href":"https:\/\/sitechnology.it\/it\/wp-json\/wp\/v2\/pages\/1393\/revisions"}],"predecessor-version":[{"id":2121,"href":"https:\/\/sitechnology.it\/it\/wp-json\/wp\/v2\/pages\/1393\/revisions\/2121"}],"wp:attachment":[{"href":"https:\/\/sitechnology.it\/it\/wp-json\/wp\/v2\/media?parent=1393"}],"curies":[{"name":"wp","href":"https:\/\/api.w.org\/{rel}","templated":true}]}}